{"id":2,"date":"2016-01-01T12:42:41","date_gmt":"2016-01-01T12:42:41","guid":{"rendered":"http:\/\/192.168.1.202:90\/?page_id=2"},"modified":"2024-02-07T22:58:33","modified_gmt":"2024-02-07T20:58:33","slug":"teritorija","status":"publish","type":"page","link":"https:\/\/www.paupionotaras.lt\/index.php\/teritorija\/","title":{"rendered":"Teritorija"},"content":{"rendered":"<p style=\"text-align: justify;\">Informuojame, kad turto paveld\u0117jimo bylos yra vedamos pagal mirusiojo asmens paskutin\u0119 nuolatin\u0119 gyvenam\u0105j\u0105 viet\u0105 (o jeigu mirusysis jos netur\u0117jo arba ji ne\u017einoma &#8211; pagal turto ar pagrindin\u0117s jo dalies buvimo viet\u0105).<\/p>\n<p>Vilniaus m. 12-ajame notaro biure paveld\u0117jimo klausimais aptarnaujami Vilniaus m. savivaldyb\u0117s Kair\u0117n\u0173 g. Konstitucijos pr., Laisv\u0117s pr. (porin\u0117 pus\u0117 nuo Nr. 28 iki Nr. 38), Naujakuri\u0173 g., Nemen\u010din\u0117s pl., Nugal\u0117toj\u0173 g., Volung\u0117s g., \u017dirm\u016bn\u0173 g., ir Antakalnio g. 57 (V\u0161\u012e Vilniaus miesto klinikin\u0117 ligonin\u0117) gyventojai.<\/p>\n","protected":false},"excerpt":{"rendered":"<p>Informuojame, kad turto paveld\u0117jimo bylos yra vedamos pagal mirusiojo asmens paskutin\u0119 nuolatin\u0119 gyvenam\u0105j\u0105 viet\u0105 (o jeigu mirusysis jos netur\u0117jo arba ji ne\u017einoma &#8211; pagal turto ar pagrindin\u0117s jo dalies buvimo viet\u0105). Vilniaus m. 12-ajame notaro biure paveld\u0117jimo klausimais aptarnaujami Vilniaus m. savivaldyb\u0117s Kair\u0117n\u0173 g. Konstitucijos pr., Laisv\u0117s pr. (porin\u0117 pus\u0117 nuo Nr. 28 iki Nr. [&hellip;]<\/p>\n","protected":false},"author":1,"featured_media":0,"parent":0,"menu_order":0,"comment_status":"closed","ping_status":"open","template":"","meta":{"_exactmetrics_skip_tracking":false,"_exactmetrics_sitenote_active":false,"_exactmetrics_sitenote_note":"","_exactmetrics_sitenote_category":0,"footnotes":""},"class_list":["post-2","page","type-page","status-publish","hentry"],"yoast_head":"<!-- This site is optimized with the Yoast SEO plugin v21.8 - https:\/\/yoast.com\/wordpress\/plugins\/seo\/ -->\n<title>Teritorija - Vilniaus m. 12-asis notaro biuras<\/title>\n<meta name=\"description\" content=\"Vilniaus m. 12-ajame notaro biure paveld\u0117jimo klausimais aptarnaujami Vilniaus m. savivaldyb\u0117s Kair\u0117n\u0173 g. Konstitucijos pr., Laisv\u0117s pr. (porin\u0117 pus\u0117 nuo Nr. 28 iki Nr. 38), Naujakuri\u0173 g., Nemen\u010din\u0117s pl., Nugal\u0117toj\u0173 g., Volung\u0117s g., \u017dirm\u016bn\u0173 g., ir Antakalnio g. 57 (V\u0161\u012e Vilniaus miesto klinikin\u0117 ligonin\u0117) gyventojai.\" \/>\n<meta name=\"robots\" content=\"index, follow, max-snippet:-1, max-image-preview:large, max-video-preview:-1\" \/>\n<link rel=\"canonical\" href=\"https:\/\/www.paupionotaras.lt\/index.php\/teritorija\/\" \/>\n<meta property=\"og:locale\" content=\"lt_LT\" \/>\n<meta property=\"og:type\" content=\"article\" \/>\n<meta property=\"og:title\" content=\"Teritorija - Vilniaus m. 12-asis notaro biuras\" \/>\n<meta property=\"og:description\" content=\"Vilniaus m. 12-ajame notaro biure paveld\u0117jimo klausimais aptarnaujami Vilniaus m. savivaldyb\u0117s Kair\u0117n\u0173 g. Konstitucijos pr., Laisv\u0117s pr. (porin\u0117 pus\u0117 nuo Nr. 28 iki Nr. 38), Naujakuri\u0173 g., Nemen\u010din\u0117s pl., Nugal\u0117toj\u0173 g., Volung\u0117s g., \u017dirm\u016bn\u0173 g., ir Antakalnio g. 57 (V\u0161\u012e Vilniaus miesto klinikin\u0117 ligonin\u0117) gyventojai.\" \/>\n<meta property=\"og:url\" content=\"https:\/\/www.paupionotaras.lt\/index.php\/teritorija\/\" \/>\n<meta property=\"og:site_name\" content=\"Vilniaus m. 12-asis notaro biuras\" \/>\n<meta property=\"article:modified_time\" content=\"2024-02-07T20:58:33+00:00\" \/>\n<meta name=\"twitter:card\" content=\"summary_large_image\" \/>\n<meta name=\"twitter:label1\" content=\"Est. reading time\" \/>\n\t<meta name=\"twitter:data1\" content=\"1 minut\u0117\" \/>\n<script type=\"application\/ld+json\" class=\"yoast-schema-graph\">{\"@context\":\"https:\/\/schema.org\",\"@graph\":[{\"@type\":\"WebPage\",\"@id\":\"https:\/\/www.paupionotaras.lt\/index.php\/teritorija\/\",\"url\":\"https:\/\/www.paupionotaras.lt\/index.php\/teritorija\/\",\"name\":\"Teritorija - Vilniaus m. 12-asis notaro biuras\",\"isPartOf\":{\"@id\":\"https:\/\/www.paupionotaras.lt\/#website\"},\"datePublished\":\"2016-01-01T12:42:41+00:00\",\"dateModified\":\"2024-02-07T20:58:33+00:00\",\"description\":\"Vilniaus m. 12-ajame notaro biure paveld\u0117jimo klausimais aptarnaujami Vilniaus m. savivaldyb\u0117s Kair\u0117n\u0173 g. Konstitucijos pr., Laisv\u0117s pr. (porin\u0117 pus\u0117 nuo Nr. 28 iki Nr. 38), Naujakuri\u0173 g., Nemen\u010din\u0117s pl., Nugal\u0117toj\u0173 g., Volung\u0117s g., \u017dirm\u016bn\u0173 g., ir Antakalnio g. 57 (V\u0161\u012e Vilniaus miesto klinikin\u0117 ligonin\u0117) gyventojai.\",\"breadcrumb\":{\"@id\":\"https:\/\/www.paupionotaras.lt\/index.php\/teritorija\/#breadcrumb\"},\"inLanguage\":\"lt-LT\",\"potentialAction\":[{\"@type\":\"ReadAction\",\"target\":[\"https:\/\/www.paupionotaras.lt\/index.php\/teritorija\/\"]}]},{\"@type\":\"BreadcrumbList\",\"@id\":\"https:\/\/www.paupionotaras.lt\/index.php\/teritorija\/#breadcrumb\",\"itemListElement\":[{\"@type\":\"ListItem\",\"position\":1,\"name\":\"Home\",\"item\":\"https:\/\/www.paupionotaras.lt\/\"},{\"@type\":\"ListItem\",\"position\":2,\"name\":\"Teritorija\"}]},{\"@type\":\"WebSite\",\"@id\":\"https:\/\/www.paupionotaras.lt\/#website\",\"url\":\"https:\/\/www.paupionotaras.lt\/\",\"name\":\"Vilniaus m. 12-asis notaro biuras\",\"description\":\"Notar\u0117 Vykinta Jokantait\u0117-Birbilien\u0117\",\"publisher\":{\"@id\":\"https:\/\/www.paupionotaras.lt\/#organization\"},\"alternateName\":\"Paupio notaras, visos notarin\u0117s paslaugos Paupyje\",\"potentialAction\":[{\"@type\":\"SearchAction\",\"target\":{\"@type\":\"EntryPoint\",\"urlTemplate\":\"https:\/\/www.paupionotaras.lt\/?s={search_term_string}\"},\"query-input\":\"required name=search_term_string\"}],\"inLanguage\":\"lt-LT\"},{\"@type\":\"Organization\",\"@id\":\"https:\/\/www.paupionotaras.lt\/#organization\",\"name\":\"Vilniaus m. 12-asis notaro biuras\",\"alternateName\":\"Paupio notaras, visos notarin\u0117s paslaugos Paupyje\",\"url\":\"https:\/\/www.paupionotaras.lt\/\",\"logo\":{\"@type\":\"ImageObject\",\"inLanguage\":\"lt-LT\",\"@id\":\"https:\/\/www.paupionotaras.lt\/#\/schema\/logo\/image\/\",\"url\":\"https:\/\/www.paupionotaras.lt\/wp-content\/uploads\/2016\/01\/Notaras.jpg\",\"contentUrl\":\"https:\/\/www.paupionotaras.lt\/wp-content\/uploads\/2016\/01\/Notaras.jpg\",\"width\":490,\"height\":290,\"caption\":\"Vilniaus m. 12-asis notaro biuras\"},\"image\":{\"@id\":\"https:\/\/www.paupionotaras.lt\/#\/schema\/logo\/image\/\"}}]}<\/script>\n<!-- \/ Yoast SEO plugin. -->","yoast_head_json":{"title":"Teritorija - Vilniaus m. 12-asis notaro biuras","description":"Vilniaus m. 12-ajame notaro biure paveld\u0117jimo klausimais aptarnaujami Vilniaus m. savivaldyb\u0117s Kair\u0117n\u0173 g. Konstitucijos pr., Laisv\u0117s pr. (porin\u0117 pus\u0117 nuo Nr. 28 iki Nr. 38), Naujakuri\u0173 g., Nemen\u010din\u0117s pl., Nugal\u0117toj\u0173 g., Volung\u0117s g., \u017dirm\u016bn\u0173 g., ir Antakalnio g. 57 (V\u0161\u012e Vilniaus miesto klinikin\u0117 ligonin\u0117) gyventojai.","robots":{"index":"index","follow":"follow","max-snippet":"max-snippet:-1","max-image-preview":"max-image-preview:large","max-video-preview":"max-video-preview:-1"},"canonical":"https:\/\/www.paupionotaras.lt\/index.php\/teritorija\/","og_locale":"lt_LT","og_type":"article","og_title":"Teritorija - Vilniaus m. 12-asis notaro biuras","og_description":"Vilniaus m. 12-ajame notaro biure paveld\u0117jimo klausimais aptarnaujami Vilniaus m. savivaldyb\u0117s Kair\u0117n\u0173 g. Konstitucijos pr., Laisv\u0117s pr. (porin\u0117 pus\u0117 nuo Nr. 28 iki Nr. 38), Naujakuri\u0173 g., Nemen\u010din\u0117s pl., Nugal\u0117toj\u0173 g., Volung\u0117s g., \u017dirm\u016bn\u0173 g., ir Antakalnio g. 57 (V\u0161\u012e Vilniaus miesto klinikin\u0117 ligonin\u0117) gyventojai.","og_url":"https:\/\/www.paupionotaras.lt\/index.php\/teritorija\/","og_site_name":"Vilniaus m. 12-asis notaro biuras","article_modified_time":"2024-02-07T20:58:33+00:00","twitter_card":"summary_large_image","twitter_misc":{"Est. reading time":"1 minut\u0117"},"schema":{"@context":"https:\/\/schema.org","@graph":[{"@type":"WebPage","@id":"https:\/\/www.paupionotaras.lt\/index.php\/teritorija\/","url":"https:\/\/www.paupionotaras.lt\/index.php\/teritorija\/","name":"Teritorija - Vilniaus m. 12-asis notaro biuras","isPartOf":{"@id":"https:\/\/www.paupionotaras.lt\/#website"},"datePublished":"2016-01-01T12:42:41+00:00","dateModified":"2024-02-07T20:58:33+00:00","description":"Vilniaus m. 12-ajame notaro biure paveld\u0117jimo klausimais aptarnaujami Vilniaus m. savivaldyb\u0117s Kair\u0117n\u0173 g. Konstitucijos pr., Laisv\u0117s pr. (porin\u0117 pus\u0117 nuo Nr. 28 iki Nr. 38), Naujakuri\u0173 g., Nemen\u010din\u0117s pl., Nugal\u0117toj\u0173 g., Volung\u0117s g., \u017dirm\u016bn\u0173 g., ir Antakalnio g. 57 (V\u0161\u012e Vilniaus miesto klinikin\u0117 ligonin\u0117) gyventojai.","breadcrumb":{"@id":"https:\/\/www.paupionotaras.lt\/index.php\/teritorija\/#breadcrumb"},"inLanguage":"lt-LT","potentialAction":[{"@type":"ReadAction","target":["https:\/\/www.paupionotaras.lt\/index.php\/teritorija\/"]}]},{"@type":"BreadcrumbList","@id":"https:\/\/www.paupionotaras.lt\/index.php\/teritorija\/#breadcrumb","itemListElement":[{"@type":"ListItem","position":1,"name":"Home","item":"https:\/\/www.paupionotaras.lt\/"},{"@type":"ListItem","position":2,"name":"Teritorija"}]},{"@type":"WebSite","@id":"https:\/\/www.paupionotaras.lt\/#website","url":"https:\/\/www.paupionotaras.lt\/","name":"Vilniaus m. 12-asis notaro biuras","description":"Notar\u0117 Vykinta Jokantait\u0117-Birbilien\u0117","publisher":{"@id":"https:\/\/www.paupionotaras.lt\/#organization"},"alternateName":"Paupio notaras, visos notarin\u0117s paslaugos Paupyje","potentialAction":[{"@type":"SearchAction","target":{"@type":"EntryPoint","urlTemplate":"https:\/\/www.paupionotaras.lt\/?s={search_term_string}"},"query-input":"required name=search_term_string"}],"inLanguage":"lt-LT"},{"@type":"Organization","@id":"https:\/\/www.paupionotaras.lt\/#organization","name":"Vilniaus m. 12-asis notaro biuras","alternateName":"Paupio notaras, visos notarin\u0117s paslaugos Paupyje","url":"https:\/\/www.paupionotaras.lt\/","logo":{"@type":"ImageObject","inLanguage":"lt-LT","@id":"https:\/\/www.paupionotaras.lt\/#\/schema\/logo\/image\/","url":"https:\/\/www.paupionotaras.lt\/wp-content\/uploads\/2016\/01\/Notaras.jpg","contentUrl":"https:\/\/www.paupionotaras.lt\/wp-content\/uploads\/2016\/01\/Notaras.jpg","width":490,"height":290,"caption":"Vilniaus m. 12-asis notaro biuras"},"image":{"@id":"https:\/\/www.paupionotaras.lt\/#\/schema\/logo\/image\/"}}]}},"_links":{"self":[{"href":"https:\/\/www.paupionotaras.lt\/index.php\/wp-json\/wp\/v2\/pages\/2","targetHints":{"allow":["GET"]}}],"collection":[{"href":"https:\/\/www.paupionotaras.lt\/index.php\/wp-json\/wp\/v2\/pages"}],"about":[{"href":"https:\/\/www.paupionotaras.lt\/index.php\/wp-json\/wp\/v2\/types\/page"}],"author":[{"embeddable":true,"href":"https:\/\/www.paupionotaras.lt\/index.php\/wp-json\/wp\/v2\/users\/1"}],"replies":[{"embeddable":true,"href":"https:\/\/www.paupionotaras.lt\/index.php\/wp-json\/wp\/v2\/comments?post=2"}],"version-history":[{"count":36,"href":"https:\/\/www.paupionotaras.lt\/index.php\/wp-json\/wp\/v2\/pages\/2\/revisions"}],"predecessor-version":[{"id":402,"href":"https:\/\/www.paupionotaras.lt\/index.php\/wp-json\/wp\/v2\/pages\/2\/revisions\/402"}],"wp:attachment":[{"href":"https:\/\/www.paupionotaras.lt\/index.php\/wp-json\/wp\/v2\/media?parent=2"}],"curies":[{"name":"wp","href":"https:\/\/api.w.org\/{rel}","templated":true}]}}